{"id":317,"date":"2019-11-27T11:13:06","date_gmt":"2019-11-27T11:13:06","guid":{"rendered":"https:\/\/multi-projekt.de\/?page_id=317"},"modified":"2022-10-07T06:40:21","modified_gmt":"2022-10-07T06:40:21","slug":"salzgrotte","status":"publish","type":"page","link":"https:\/\/multi-projekt.de\/index.php\/salzgrotte\/","title":{"rendered":"Salzgrotte"},"content":{"rendered":"\t\t<div data-elementor-type=\"wp-page\" data-elementor-id=\"317\" class=\"elementor elementor-317\">\n\t\t\t\t\t\t<section class=\"elementor-section elementor-top-section elementor-element elementor-element-3ae9e91 elementor-section-stretched elementor-section-boxed elementor-section-height-default elementor-section-height-default\" data-id=\"3ae9e91\" data-element_type=\"section\" data-e-type=\"section\" data-settings=\"{&quot;stretch_section&quot;:&quot;section-stretched&quot;}\">\n\t\t\t\t\t\t\t<div class=\"elementor-background-overlay\"><\/div>\n\t\t\t\t\t\t\t<div class=\"elementor-container elementor-column-gap-default\">\n\t\t\t\t\t<div class=\"elementor-column elementor-col-50 elementor-top-column elementor-element elementor-element-ff449cb\" data-id=\"ff449cb\" data-element_type=\"column\" data-e-type=\"column\">\n\t\t\t<div class=\"elementor-widget-wrap elementor-element-populated\">\n\t\t\t\t\t\t<div class=\"elementor-element elementor-element-98c20b2 elementor-widget elementor-widget-text-editor\" data-id=\"98c20b2\" data-element_type=\"widget\" data-e-type=\"widget\" data-widget_type=\"text-editor.default\">\n\t\t\t\t<div class=\"elementor-widget-container\">\n\t\t\t\t\t\t\t\t\t<p><strong>Was ist eine Salzgrotte f\u00fcr Pferde und was bewirkt sie?<\/strong><\/p><p>Wir alle wollen das Beste f\u00fcr unsere Pferde, sei es ein Haustier oder ein Rennpferd. Wir schmiedeten, aus unserer <strong>mehr als 10-j\u00e4hrige Erfahrung in der humanen Salztherapie<\/strong> einen speziell auf Pferde zugeschnitten Raum.: <strong>die Salzgrotte<\/strong>. Die Box ist einzigartig und individuell gestaltbar.<\/p><p>Die in der Saltbox verbrachte Zeit unterst\u00fczt die Gesundheit und das Wohlbefinden der Pferde auf komplexe Art. Wir haben viele Faktoren ber\u00fccksichtigt, damit die Lebensqualit\u00e4t sowohl k\u00f6rperlich als auch mental gef\u00f6rdert wird und dadurch auch die Leistung verst\u00e4rkt werden kann.<\/p><p>Besonders im Pferdesport ist salzhaltige Luft eine nat\u00fcrliche Alternative zu Medikamenten. Dort k\u00f6nnen vor allem Pferde einfach mal entspannen und Stress abbauen.<\/p><p><\/p><figure><\/figure>\t\t\t\t\t\t\t\t<\/div>\n\t\t\t\t<\/div>\n\t\t\t\t<div class=\"elementor-element elementor-element-8c12332 elementor-icon-list--layout-traditional elementor-list-item-link-full_width elementor-widget elementor-widget-icon-list\" data-id=\"8c12332\" data-element_type=\"widget\" data-e-type=\"widget\" data-widget_type=\"icon-list.default\">\n\t\t\t\t<div class=\"elementor-widget-container\">\n\t\t\t\t\t\t\t<ul class=\"elementor-icon-list-items\">\n\t\t\t\t\t\t\t<li class=\"elementor-icon-list-item\">\n\t\t\t\t\t\t\t\t\t\t\t<a href=\"https:\/\/www.youtube.com\/watch?v=X9SBstgJRk4\">\n\n\t\t\t\t\t\t\t\t\t\t\t\t<span class=\"elementor-icon-list-icon\">\n\t\t\t\t\t\t\t<i aria-hidden=\"true\" class=\"fab fa-youtube\"><\/i>\t\t\t\t\t\t<\/span>\n\t\t\t\t\t\t\t\t\t\t<span class=\"elementor-icon-list-text\">Hier Klicken f\u00fcr eine Videoreportage von Sat1<\/span>\n\t\t\t\t\t\t\t\t\t\t\t<\/a>\n\t\t\t\t\t\t\t\t\t<\/li>\n\t\t\t\t\t\t<\/ul>\n\t\t\t\t\t\t<\/div>\n\t\t\t\t<\/div>\n\t\t\t\t<div class=\"elementor-element elementor-element-8499030 elementor-icon-list--layout-traditional elementor-list-item-link-full_width elementor-widget elementor-widget-icon-list\" data-id=\"8499030\" data-element_type=\"widget\" data-e-type=\"widget\" data-widget_type=\"icon-list.default\">\n\t\t\t\t<div class=\"elementor-widget-container\">\n\t\t\t\t\t\t\t<ul class=\"elementor-icon-list-items\">\n\t\t\t\t\t\t\t<li class=\"elementor-icon-list-item\">\n\t\t\t\t\t\t\t\t\t\t\t<a href=\"https:\/\/www.bild.de\/regional\/bremen\/pferd\/erste-salzgrotte-fuer-pferde-56344324.bild.html\">\n\n\t\t\t\t\t\t\t\t\t\t\t\t<span class=\"elementor-icon-list-icon\">\n\t\t\t\t\t\t\t<i aria-hidden=\"true\" class=\"far fa-comments\"><\/i>\t\t\t\t\t\t<\/span>\n\t\t\t\t\t\t\t\t\t\t<span class=\"elementor-icon-list-text\">Hier Klicken f\u00fcr einen Zeitungsartikel von Bild<\/span>\n\t\t\t\t\t\t\t\t\t\t\t<\/a>\n\t\t\t\t\t\t\t\t\t<\/li>\n\t\t\t\t\t\t<\/ul>\n\t\t\t\t\t\t<\/div>\n\t\t\t\t<\/div>\n\t\t\t\t\t<\/div>\n\t\t<\/div>\n\t\t\t\t<div class=\"elementor-column elementor-col-50 elementor-top-column elementor-element elementor-element-39ee0fa\" data-id=\"39ee0fa\" data-element_type=\"column\" data-e-type=\"column\">\n\t\t\t<div class=\"elementor-widget-wrap elementor-element-populated\">\n\t\t\t\t\t\t<div class=\"elementor-element elementor-element-6339f57 elementor-arrows-position-inside elementor-pagination-position-outside elementor-widget elementor-widget-image-carousel\" data-id=\"6339f57\" data-element_type=\"widget\" data-e-type=\"widget\" data-settings=\"{&quot;slides_to_show&quot;:&quot;1&quot;,&quot;navigation&quot;:&quot;both&quot;,&quot;autoplay&quot;:&quot;yes&quot;,&quot;pause_on_hover&quot;:&quot;yes&quot;,&quot;pause_on_interaction&quot;:&quot;yes&quot;,&quot;autoplay_speed&quot;:5000,&quot;infinite&quot;:&quot;yes&quot;,&quot;effect&quot;:&quot;slide&quot;,&quot;speed&quot;:500}\" data-widget_type=\"image-carousel.default\">\n\t\t\t\t<div class=\"elementor-widget-container\">\n\t\t\t\t\t\t\t<div class=\"elementor-image-carousel-wrapper swiper\" role=\"region\" aria-roledescription=\"carousel\" aria-label=\"Bild Karussell\" dir=\"ltr\">\n\t\t\t<div class=\"elementor-image-carousel swiper-wrapper\" aria-live=\"off\">\n\t\t\t\t\t\t\t\t<div class=\"swiper-slide\" role=\"group\" aria-roledescription=\"slide\" aria-label=\"1 von 4\"><figure class=\"swiper-slide-inner\"><img decoding=\"async\" class=\"swiper-slide-image\" src=\"https:\/\/multi-projekt.de\/wp-content\/uploads\/2019\/12\/Salzgrotte.png\" alt=\"Salzgrotte\" \/><\/figure><\/div><div class=\"swiper-slide\" role=\"group\" aria-roledescription=\"slide\" aria-label=\"2 von 4\"><figure class=\"swiper-slide-inner\"><img decoding=\"async\" class=\"swiper-slide-image\" src=\"https:\/\/multi-projekt.de\/wp-content\/uploads\/2019\/12\/SAZER.png\" alt=\"SAZER\" \/><\/figure><\/div><div class=\"swiper-slide\" role=\"group\" aria-roledescription=\"slide\" aria-label=\"3 von 4\"><figure class=\"swiper-slide-inner\"><img decoding=\"async\" class=\"swiper-slide-image\" src=\"https:\/\/multi-projekt.de\/wp-content\/uploads\/2019\/12\/SG-Foto-Innenansicht-scaled.jpg\" alt=\"SG Foto Innenansicht\" \/><\/figure><\/div><div class=\"swiper-slide\" role=\"group\" aria-roledescription=\"slide\" aria-label=\"4 von 4\"><figure class=\"swiper-slide-inner\"><img decoding=\"async\" class=\"swiper-slide-image\" src=\"https:\/\/multi-projekt.de\/wp-content\/uploads\/2019\/12\/SG-Foto-mit-Pferd-scaled.jpg\" alt=\"SG Foto mit Pferd\" \/><\/figure><\/div>\t\t\t<\/div>\n\t\t\t\t\t\t\t\t\t\t\t\t<div class=\"elementor-swiper-button elementor-swiper-button-prev\" role=\"button\" tabindex=\"0\">\n\t\t\t\t\t\t<i aria-hidden=\"true\" class=\"eicon-chevron-left\"><\/i>\t\t\t\t\t<\/div>\n\t\t\t\t\t<div class=\"elementor-swiper-button elementor-swiper-button-next\" role=\"button\" tabindex=\"0\">\n\t\t\t\t\t\t<i aria-hidden=\"true\" class=\"eicon-chevron-right\"><\/i>\t\t\t\t\t<\/div>\n\t\t\t\t\n\t\t\t\t\t\t\t\t\t<div class=\"swiper-pagination\"><\/div>\n\t\t\t\t\t\t\t\t\t<\/div>\n\t\t\t\t\t\t<\/div>\n\t\t\t\t<\/div>\n\t\t\t\t<div class=\"elementor-element elementor-element-d89237e elementor-widget elementor-widget-text-editor\" data-id=\"d89237e\" data-element_type=\"widget\" data-e-type=\"widget\" data-widget_type=\"text-editor.default\">\n\t\t\t\t<div class=\"elementor-widget-container\">\n\t\t\t\t\t\t\t\t\t<p><strong>Vorteile:<\/strong><\/p><p>Ionisierendes Mikroklima<br \/>Entspannung<br \/>Prophylaxe<br \/>Rehabilitation<br \/>Antistress\u00a0\u00a0\u00a0\u00a0\u00a0\u00a0\u00a0\u00a0\u00a0\u00a0\u00a0\u00a0\u00a0\u00a0\u00a0\u00a0\u00a0\u00a0\u00a0 St\u00e4rkung des Immunsystems<\/p><p><\/p><p><strong>Anwendung bei..<br \/><\/strong><\/p><p>Erkrankung der Haut<br \/>Erkrankung der Atemwege<br \/>Allergien<br \/>Erk\u00e4ltungskrankheit<br \/>Stress<br \/>Ersch\u00f6pfungs-zust\u00e4nde<br \/>Leistungssteigerung<\/p>\t\t\t\t\t\t\t\t<\/div>\n\t\t\t\t<\/div>\n\t\t\t\t\t<\/div>\n\t\t<\/div>\n\t\t\t\t\t<\/div>\n\t\t<\/section>\n\t\t\t\t<section class=\"elementor-section elementor-top-section elementor-element elementor-element-2ad4433 elementor-section-stretched elementor-section-boxed elementor-section-height-default elementor-section-height-default\" data-id=\"2ad4433\" data-element_type=\"section\" data-e-type=\"section\" data-settings=\"{&quot;stretch_section&quot;:&quot;section-stretched&quot;}\">\n\t\t\t\t\t\t<div class=\"elementor-container elementor-column-gap-default\">\n\t\t\t\t\t<div class=\"elementor-column elementor-col-33 elementor-top-column elementor-element elementor-element-c19aa94\" data-id=\"c19aa94\" data-element_type=\"column\" data-e-type=\"column\">\n\t\t\t<div class=\"elementor-widget-wrap elementor-element-populated\">\n\t\t\t\t\t\t<div class=\"elementor-element elementor-element-f57991d elementor-widget elementor-widget-obfx-pricing-table\" data-id=\"f57991d\" data-element_type=\"widget\" data-e-type=\"widget\" data-widget_type=\"obfx-pricing-table.default\">\n\t\t\t\t<div class=\"elementor-widget-container\">\n\t\t\t\t\t<div class=\"obfx-pricing-table-wrapper\"><div class=\"obfx-title-wrapper\"><h3 class=\"obfx-pricing-table-title\">Salzgrotte Professional<\/h3><p class=\"obfx-pricing-table-subtitle\">3,50m x 2,50m - Enthalten: Salzvernebler, 2 Seitenw\u00e4nde  mit Salzsteinen, 1 Frontwand inkl.  2-tlg. Paddockt\u00fcr, Decke, seitliche Anbinderinge inkl. Fracht und Montage *zzgl. MwSt.<\/p><\/div> <!-- \/.obfx-title-wrapper --><div class=\"obfx-price-wrapper\"><span class=\"obfx-price\">Preis auf Anfrage<\/span><\/div> <!-- \/.obfx-price-wrapper --><ul class=\"obfx-feature-list\"><li><i class=\"obfx-pricing-table-feature-icon \" aria-hidden=\"true\"><\/i><\/li><li><i class=\"obfx-pricing-table-feature-icon fas fa-asterisk\" aria-hidden=\"true\"><\/i><span class=\"obfx-pricing-table-accented\">Basis - Version<\/span> <\/li><\/ul><div class=\"obfx-pricing-table-button-wrapper\"><a class=\"obfx-pricing-table-button\" href=\"https:\/\/documentcloud.adobe.com\/link\/track?uri=urn%3Aaaid%3Ascds%3AUS%3A3b889858-bdab-4ff9-ab32-54f375a4edc2\"><span class=\"obfx-button-icon-align-left\"><i class=\"far fa-bell\" aria-hidden=\"true\"><\/i><\/span><span class=\"elementor-button-text\">Info<\/span><\/a><\/div> <!-- \/.obfx-pricing-table-button-wrapper --><\/div> <!-- \/.obfx-pricing-table-wrapper -->\t\t\t\t<\/div>\n\t\t\t\t<\/div>\n\t\t\t\t\t<\/div>\n\t\t<\/div>\n\t\t\t\t<div class=\"elementor-column elementor-col-33 elementor-top-column elementor-element elementor-element-33ff977\" data-id=\"33ff977\" data-element_type=\"column\" data-e-type=\"column\">\n\t\t\t<div class=\"elementor-widget-wrap elementor-element-populated\">\n\t\t\t\t\t\t<div class=\"elementor-element elementor-element-941f97a elementor-widget elementor-widget-obfx-pricing-table\" data-id=\"941f97a\" data-element_type=\"widget\" data-e-type=\"widget\" data-widget_type=\"obfx-pricing-table.default\">\n\t\t\t\t<div class=\"elementor-widget-container\">\n\t\t\t\t\t<div class=\"obfx-pricing-table-wrapper\"><div class=\"obfx-title-wrapper\"><h3 class=\"obfx-pricing-table-title\">Salzgrotte Premium<\/h3><p class=\"obfx-pricing-table-subtitle\">4,15m x 2,80m - Enthalten: Salzvernebler, 2 Seitenw\u00e4nde  mit Salzsteinen, 1 Frontwand inkl.  2-tlg. Paddockt\u00fcr, Decke, seitliche Anbinderinge inkl. Fracht und Montage *zzgl. MwSt. <\/p><\/div> <!-- \/.obfx-title-wrapper --><div class=\"obfx-price-wrapper\"><span class=\"obfx-price\">Preis auf Anfrage<\/span><\/div> <!-- \/.obfx-price-wrapper --><ul class=\"obfx-feature-list\"><li><i class=\"obfx-pricing-table-feature-icon fas fa-star\" aria-hidden=\"true\"><\/i><span class=\"obfx-pricing-table-accented\">Zwei Abstandhalter<\/span> <\/li><li><i class=\"obfx-pricing-table-feature-icon fas fa-star\" aria-hidden=\"true\"><\/i><span class=\"obfx-pricing-table-accented\">Gr\u00f6\u00dfere Abmesung<\/span> <\/li><\/ul><div class=\"obfx-pricing-table-button-wrapper\"><a class=\"obfx-pricing-table-button\" href=\"https:\/\/documentcloud.adobe.com\/link\/track?uri=urn%3Aaaid%3Ascds%3AUS%3A3b889858-bdab-4ff9-ab32-54f375a4edc2\"><span class=\"obfx-button-icon-align-left\"><i class=\"far fa-bell\" aria-hidden=\"true\"><\/i><\/span><span class=\"elementor-button-text\">Info<\/span><\/a><\/div> <!-- \/.obfx-pricing-table-button-wrapper --><\/div> <!-- \/.obfx-pricing-table-wrapper -->\t\t\t\t<\/div>\n\t\t\t\t<\/div>\n\t\t\t\t\t<\/div>\n\t\t<\/div>\n\t\t\t\t<div class=\"elementor-column elementor-col-33 elementor-top-column elementor-element elementor-element-b97017b\" data-id=\"b97017b\" data-element_type=\"column\" data-e-type=\"column\">\n\t\t\t<div class=\"elementor-widget-wrap elementor-element-populated\">\n\t\t\t\t\t\t<div class=\"elementor-element elementor-element-b0d7f0f elementor-widget elementor-widget-obfx-pricing-table\" data-id=\"b0d7f0f\" data-element_type=\"widget\" data-e-type=\"widget\" data-widget_type=\"obfx-pricing-table.default\">\n\t\t\t\t<div class=\"elementor-widget-container\">\n\t\t\t\t\t<div class=\"obfx-pricing-table-wrapper\"><div class=\"obfx-title-wrapper\"><h3 class=\"obfx-pricing-table-title\">Salzgrotte Deluxe<\/h3><p class=\"obfx-pricing-table-subtitle\">Gerne planen wir f\u00fcr Sie nach Ihren  W\u00fcnschen und den \u00f6rtlichen  Gegebenheiten Ihre individuelle Salzgrotte. Kontaktieren sie uns einfach. Der Preis wird auf Anfrage ermittelt.<\/p><\/div> <!-- \/.obfx-title-wrapper --><div class=\"obfx-price-wrapper\"><span class=\"obfx-price\">Preis auf Anfrage<\/span><\/div> <!-- \/.obfx-price-wrapper --><ul class=\"obfx-feature-list\"><li><i class=\"obfx-pricing-table-feature-icon fas fa-sticky-note\" aria-hidden=\"true\"><\/i><span class=\"obfx-pricing-table-accented\">F\u00fcr das Technische Datenblatt \/ Beiblatt der Salzgrotten, klicken sie bitte auf den Button &quot;Datenblatt&quot;.<\/span> <\/li><\/ul><div class=\"obfx-pricing-table-button-wrapper\"><a class=\"obfx-pricing-table-button\" href=\"https:\/\/documentcloud.adobe.com\/link\/track?uri=urn%3Aaaid%3Ascds%3AUS%3Af71e60b0-f18a-470b-a12f-6f2c9c69cc71\"><span class=\"obfx-button-icon-align-left\"><i class=\"far fa-clone\" aria-hidden=\"true\"><\/i><\/span><span class=\"elementor-button-text\">Datenblatt<\/span><\/a><\/div> <!-- \/.obfx-pricing-table-button-wrapper --><\/div> <!-- \/.obfx-pricing-table-wrapper -->\t\t\t\t<\/div>\n\t\t\t\t<\/div>\n\t\t\t\t\t<\/div>\n\t\t<\/div>\n\t\t\t\t\t<\/div>\n\t\t<\/section>\n\t\t\t\t<\/div>\n\t\t","protected":false},"excerpt":{"rendered":"<p>Was ist eine Salzgrotte f\u00fcr Pferde und was bewirkt sie? Wir alle wollen das Beste f\u00fcr unsere Pferde, sei es ein Haustier oder ein Rennpferd. Wir schmiedeten, aus unserer mehr als 10-j\u00e4hrige Erfahrung in der humanen Salztherapie einen speziell auf Pferde zugeschnitten Raum.: die Salzgrotte. Die Box ist einzigartig und [&hellip;]<\/p>\n","protected":false},"author":1,"featured_media":0,"parent":0,"menu_order":0,"comment_status":"closed","ping_status":"closed","template":"","meta":{"footnotes":""},"class_list":["post-317","page","type-page","status-publish","hentry"],"jetpack_sharing_enabled":true,"_links":{"self":[{"href":"https:\/\/multi-projekt.de\/index.php\/wp-json\/wp\/v2\/pages\/317","targetHints":{"allow":["GET"]}}],"collection":[{"href":"https:\/\/multi-projekt.de\/index.php\/wp-json\/wp\/v2\/pages"}],"about":[{"href":"https:\/\/multi-projekt.de\/index.php\/wp-json\/wp\/v2\/types\/page"}],"author":[{"embeddable":true,"href":"https:\/\/multi-projekt.de\/index.php\/wp-json\/wp\/v2\/users\/1"}],"replies":[{"embeddable":true,"href":"https:\/\/multi-projekt.de\/index.php\/wp-json\/wp\/v2\/comments?post=317"}],"version-history":[{"count":37,"href":"https:\/\/multi-projekt.de\/index.php\/wp-json\/wp\/v2\/pages\/317\/revisions"}],"predecessor-version":[{"id":1004,"href":"https:\/\/multi-projekt.de\/index.php\/wp-json\/wp\/v2\/pages\/317\/revisions\/1004"}],"wp:attachment":[{"href":"https:\/\/multi-projekt.de\/index.php\/wp-json\/wp\/v2\/media?parent=317"}],"curies":[{"name":"wp","href":"https:\/\/api.w.org\/{rel}","templated":true}]}}