{"id":48,"date":"2019-11-26T08:55:57","date_gmt":"2019-11-26T08:55:57","guid":{"rendered":"https:\/\/multi-projekt.de\/?page_id=48"},"modified":"2025-09-10T08:18:02","modified_gmt":"2025-09-10T08:18:02","slug":"hallenbau","status":"publish","type":"page","link":"https:\/\/multi-projekt.de\/index.php\/hallenbau\/","title":{"rendered":"Hallenbau (Allgemein)"},"content":{"rendered":"\t\t<div data-elementor-type=\"wp-page\" data-elementor-id=\"48\" class=\"elementor elementor-48\">\n\t\t\t\t\t\t<section class=\"elementor-section elementor-top-section elementor-element elementor-element-6fff555 elementor-section-full_width elementor-section-height-default elementor-section-height-default\" data-id=\"6fff555\" data-element_type=\"section\" data-e-type=\"section\">\n\t\t\t\t\t\t<div class=\"elementor-container elementor-column-gap-default\">\n\t\t\t\t\t<div class=\"elementor-column elementor-col-100 elementor-top-column elementor-element elementor-element-2835bf0\" data-id=\"2835bf0\" data-element_type=\"column\" data-e-type=\"column\">\n\t\t\t<div class=\"elementor-widget-wrap elementor-element-populated\">\n\t\t\t\t\t\t<div class=\"elementor-element elementor-element-34a06dc elementor-widget__width-inherit elementor-widget elementor-widget-heading\" data-id=\"34a06dc\" data-element_type=\"widget\" data-e-type=\"widget\" data-widget_type=\"heading.default\">\n\t\t\t\t<div class=\"elementor-widget-container\">\n\t\t\t\t\t<h2 class=\"elementor-heading-title elementor-size-default\">Anbei eine kleine \u00dcbersicht realisierter Projekte - Made in Germany<\/h2>\t\t\t\t<\/div>\n\t\t\t\t<\/div>\n\t\t\t\t<div class=\"elementor-element elementor-element-85e1e3f elementor-widget__width-inherit elementor-widget elementor-widget-text-editor\" data-id=\"85e1e3f\" data-element_type=\"widget\" data-e-type=\"widget\" data-widget_type=\"text-editor.default\">\n\t\t\t\t<div class=\"elementor-widget-container\">\n\t\t\t\t\t\t\t\t\t<div>Das Team der Fa. Multi-Projekt setzt sich in erster Linie aus kompetenten Fachleuten des Hallenbaus zusammen. In zweiter Linie sind es Architekten, Handwerker und Fachkr\u00e4fte, die sich innerhalb des Firmenverbundes zu einem Team von Spezialisten zusammenf\u00fcgen. Freitragende Hallen f\u00fcr jede Branche und Betriebsgr\u00f6\u00dfe in Industrie, Handel und Landwirtschaft sind m\u00f6glich.\u00a0<\/div><div><\/div><div>Da wir ausschlie\u00dflich in Deutschland produzieren, k\u00f6nnen wir Ihnen die bestm\u00f6gliche Qualit\u00e4t anbieten. Beste Voraussetzungen also, Ihre Halle individuell, termingerecht und trotzdem preisg\u00fcnstig zu planen und zu realisieren.<\/div>\t\t\t\t\t\t\t\t<\/div>\n\t\t\t\t<\/div>\n\t\t\t\t\t<\/div>\n\t\t<\/div>\n\t\t\t\t\t<\/div>\n\t\t<\/section>\n\t\t\t\t<section class=\"elementor-section elementor-top-section elementor-element elementor-element-7211f8e elementor-section-full_width elementor-section-height-default elementor-section-height-default\" data-id=\"7211f8e\" data-element_type=\"section\" data-e-type=\"section\">\n\t\t\t\t\t\t<div class=\"elementor-container elementor-column-gap-default\">\n\t\t\t\t\t<div class=\"elementor-column elementor-col-100 elementor-top-column elementor-element elementor-element-e9f6d13\" data-id=\"e9f6d13\" data-element_type=\"column\" data-e-type=\"column\">\n\t\t\t<div class=\"elementor-widget-wrap elementor-element-populated\">\n\t\t\t\t\t\t<div class=\"elementor-element elementor-element-6c3b241 elementor-arrows-position-inside elementor-pagination-position-outside elementor-widget elementor-widget-image-carousel\" data-id=\"6c3b241\" data-element_type=\"widget\" data-e-type=\"widget\" data-settings=\"{&quot;navigation&quot;:&quot;both&quot;,&quot;autoplay&quot;:&quot;yes&quot;,&quot;pause_on_hover&quot;:&quot;yes&quot;,&quot;pause_on_interaction&quot;:&quot;yes&quot;,&quot;autoplay_speed&quot;:5000,&quot;infinite&quot;:&quot;yes&quot;,&quot;speed&quot;:500}\" data-widget_type=\"image-carousel.default\">\n\t\t\t\t<div class=\"elementor-widget-container\">\n\t\t\t\t\t\t\t<div class=\"elementor-image-carousel-wrapper swiper\" role=\"region\" aria-roledescription=\"carousel\" aria-label=\"Bild Karussell\" dir=\"ltr\">\n\t\t\t<div class=\"elementor-image-carousel swiper-wrapper\" aria-live=\"off\">\n\t\t\t\t\t\t\t\t<div class=\"swiper-slide\" role=\"group\" aria-roledescription=\"slide\" aria-label=\"1 von 10\"><figure class=\"swiper-slide-inner\"><img decoding=\"async\" class=\"swiper-slide-image\" src=\"https:\/\/multi-projekt.de\/wp-content\/uploads\/2022\/10\/IMG_4042-360x240.jpg\" alt=\"IMG_4042\" \/><\/figure><\/div><div class=\"swiper-slide\" role=\"group\" aria-roledescription=\"slide\" aria-label=\"2 von 10\"><figure class=\"swiper-slide-inner\"><img decoding=\"async\" class=\"swiper-slide-image\" src=\"https:\/\/multi-projekt.de\/wp-content\/uploads\/2022\/10\/IMG_4045-360x240.jpg\" alt=\"IMG_4045\" \/><\/figure><\/div><div class=\"swiper-slide\" role=\"group\" aria-roledescription=\"slide\" aria-label=\"3 von 10\"><figure class=\"swiper-slide-inner\"><img decoding=\"async\" class=\"swiper-slide-image\" src=\"https:\/\/multi-projekt.de\/wp-content\/uploads\/2022\/10\/Bestandszeichungen-D-360x240.jpg\" alt=\"Bestandszeichungen D\" \/><\/figure><\/div><div class=\"swiper-slide\" role=\"group\" aria-roledescription=\"slide\" aria-label=\"4 von 10\"><figure class=\"swiper-slide-inner\"><img decoding=\"async\" class=\"swiper-slide-image\" src=\"https:\/\/multi-projekt.de\/wp-content\/uploads\/2022\/10\/Stahlkonstruktion-STAHABAU-Lagerhalle-360x240.jpg\" alt=\"Stahlkonstruktion-STAHABAU-Lagerhalle\" \/><\/figure><\/div><div class=\"swiper-slide\" role=\"group\" aria-roledescription=\"slide\" aria-label=\"5 von 10\"><figure class=\"swiper-slide-inner\"><img decoding=\"async\" class=\"swiper-slide-image\" src=\"https:\/\/multi-projekt.de\/wp-content\/uploads\/2022\/10\/Buesching-Planung-2015a-360x240.jpg\" alt=\"B\u00fcsching Planung 2015a\" \/><\/figure><\/div><div class=\"swiper-slide\" role=\"group\" aria-roledescription=\"slide\" aria-label=\"6 von 10\"><figure class=\"swiper-slide-inner\"><img decoding=\"async\" class=\"swiper-slide-image\" src=\"https:\/\/multi-projekt.de\/wp-content\/uploads\/2022\/10\/64B1319D-BE8B-42AC-8A62-62929A406F71-360x240.jpeg\" alt=\"Deutschland Tremsb\u00fcttel\" \/><\/figure><\/div><div class=\"swiper-slide\" role=\"group\" aria-roledescription=\"slide\" aria-label=\"7 von 10\"><figure class=\"swiper-slide-inner\"><img decoding=\"async\" class=\"swiper-slide-image\" src=\"https:\/\/multi-projekt.de\/wp-content\/uploads\/2021\/03\/3-360x240.jpg\" alt=\"3\" \/><\/figure><\/div><div class=\"swiper-slide\" role=\"group\" aria-roledescription=\"slide\" aria-label=\"8 von 10\"><figure class=\"swiper-slide-inner\"><img decoding=\"async\" class=\"swiper-slide-image\" src=\"https:\/\/multi-projekt.de\/wp-content\/uploads\/2021\/03\/2-360x240.jpg\" alt=\"2\" \/><\/figure><\/div><div class=\"swiper-slide\" role=\"group\" aria-roledescription=\"slide\" aria-label=\"9 von 10\"><figure class=\"swiper-slide-inner\"><img decoding=\"async\" class=\"swiper-slide-image\" src=\"https:\/\/multi-projekt.de\/wp-content\/uploads\/2021\/03\/1-360x240.jpg\" alt=\"1\" \/><\/figure><\/div><div class=\"swiper-slide\" role=\"group\" aria-roledescription=\"slide\" aria-label=\"10 von 10\"><figure class=\"swiper-slide-inner\"><img decoding=\"async\" class=\"swiper-slide-image\" src=\"https:\/\/multi-projekt.de\/wp-content\/uploads\/2021\/03\/4-360x240.jpg\" alt=\"4\" \/><\/figure><\/div>\t\t\t<\/div>\n\t\t\t\t\t\t\t\t\t\t\t\t<div class=\"elementor-swiper-button elementor-swiper-button-prev\" role=\"button\" tabindex=\"0\">\n\t\t\t\t\t\t<i aria-hidden=\"true\" class=\"eicon-chevron-left\"><\/i>\t\t\t\t\t<\/div>\n\t\t\t\t\t<div class=\"elementor-swiper-button elementor-swiper-button-next\" role=\"button\" tabindex=\"0\">\n\t\t\t\t\t\t<i aria-hidden=\"true\" class=\"eicon-chevron-right\"><\/i>\t\t\t\t\t<\/div>\n\t\t\t\t\n\t\t\t\t\t\t\t\t\t<div class=\"swiper-pagination\"><\/div>\n\t\t\t\t\t\t\t\t\t<\/div>\n\t\t\t\t\t\t<\/div>\n\t\t\t\t<\/div>\n\t\t\t\t\t<\/div>\n\t\t<\/div>\n\t\t\t\t\t<\/div>\n\t\t<\/section>\n\t\t\t\t<\/div>\n\t\t","protected":false},"excerpt":{"rendered":"<p>Anbei eine kleine \u00dcbersicht realisierter Projekte &#8211; Made in Germany Das Team der Fa. Multi-Projekt setzt sich in erster Linie aus kompetenten Fachleuten des Hallenbaus zusammen. In zweiter Linie sind es Architekten, Handwerker und Fachkr\u00e4fte, die sich innerhalb des Firmenverbundes zu einem Team von Spezialisten zusammenf\u00fcgen. Freitragende Hallen f\u00fcr jede [&hellip;]<\/p>\n","protected":false},"author":1,"featured_media":0,"parent":0,"menu_order":0,"comment_status":"closed","ping_status":"closed","template":"","meta":{"footnotes":""},"class_list":["post-48","page","type-page","status-publish","hentry"],"jetpack_sharing_enabled":true,"_links":{"self":[{"href":"https:\/\/multi-projekt.de\/index.php\/wp-json\/wp\/v2\/pages\/48","targetHints":{"allow":["GET"]}}],"collection":[{"href":"https:\/\/multi-projekt.de\/index.php\/wp-json\/wp\/v2\/pages"}],"about":[{"href":"https:\/\/multi-projekt.de\/index.php\/wp-json\/wp\/v2\/types\/page"}],"author":[{"embeddable":true,"href":"https:\/\/multi-projekt.de\/index.php\/wp-json\/wp\/v2\/users\/1"}],"replies":[{"embeddable":true,"href":"https:\/\/multi-projekt.de\/index.php\/wp-json\/wp\/v2\/comments?post=48"}],"version-history":[{"count":76,"href":"https:\/\/multi-projekt.de\/index.php\/wp-json\/wp\/v2\/pages\/48\/revisions"}],"predecessor-version":[{"id":1270,"href":"https:\/\/multi-projekt.de\/index.php\/wp-json\/wp\/v2\/pages\/48\/revisions\/1270"}],"wp:attachment":[{"href":"https:\/\/multi-projekt.de\/index.php\/wp-json\/wp\/v2\/media?parent=48"}],"curies":[{"name":"wp","href":"https:\/\/api.w.org\/{rel}","templated":true}]}}